{"id":378,"date":"2020-09-24T19:04:18","date_gmt":"2020-09-24T15:34:18","guid":{"rendered":"https:\/\/mydev.h2g.pl\/be\/leasing\/?page_id=45"},"modified":"2022-04-20T12:21:06","modified_gmt":"2022-04-20T07:51:06","slug":"about-us","status":"publish","type":"page","link":"https:\/\/thekingproperty.co\/ru\/about-us\/","title":{"rendered":"\u043d\u0430\u0441\u0447\u0435\u0442 \u043d\u0430\u0441"},"content":{"rendered":"\t\t<div data-elementor-type=\"wp-page\" data-elementor-id=\"378\" class=\"elementor elementor-378\" data-elementor-settings=\"[]\">\n\t\t\t\t\t\t<div class=\"elementor-inner\">\n\t\t\t\t\t\t\t<div class=\"elementor-section-wrap\">\n\t\t\t\t\t\t\t<section class=\"elementor-section elementor-top-section elementor-element elementor-element-b908b2d elementor-section-stretched elementor-section-boxed elementor-section-height-default elementor-section-height-default\" data-id=\"b908b2d\" data-element_type=\"section\" data-settings=\"{&quot;stretch_section&quot;:&quot;section-stretched&quot;}\">\n\t\t\t\t\t\t<div class=\"elementor-container elementor-column-gap-wider\">\n\t\t\t\t\t\t\t<div class=\"elementor-row\">\n\t\t\t\t\t<div class=\"elementor-column elementor-col-50 elementor-top-column elementor-element elementor-element-f2b1cbb\" data-id=\"f2b1cbb\" data-element_type=\"column\">\n\t\t\t<div class=\"elementor-column-wrap elementor-element-populated\">\n\t\t\t\t\t\t\t<div class=\"elementor-widget-wrap\">\n\t\t\t\t\t\t<div class=\"elementor-element elementor-element-f7cb504 elementor-widget elementor-widget-text-editor\" data-id=\"f7cb504\" data-element_type=\"widget\" data-widget_type=\"text-editor.default\">\n\t\t\t\t<div class=\"elementor-widget-container\">\n\t\t\t\t\t\t\t\t<div class=\"elementor-text-editor elementor-clearfix\">\n\t\t\t\t<p>\u043d\u0430\u0441\u0447\u0435\u0442 \u043d\u0430\u0441<\/p>\t\t\t\t\t<\/div>\n\t\t\t\t\t\t<\/div>\n\t\t\t\t<\/div>\n\t\t\t\t<div class=\"elementor-element elementor-element-1e5b8a4 elementor-widget elementor-widget-text-editor\" data-id=\"1e5b8a4\" data-element_type=\"widget\" data-widget_type=\"text-editor.default\">\n\t\t\t\t<div class=\"elementor-widget-container\">\n\t\t\t\t\t\t\t\t<div class=\"elementor-text-editor elementor-clearfix\">\n\t\t\t\t<p>King \u0425\u043e\u043b\u0434\u0438\u043d\u0433\u043e\u0432\u0430\u044f \u0438 \u0438\u043d\u0432\u0435\u0441\u0442\u0438\u0446\u0438\u043e\u043d\u043d\u0430\u044f \u0433\u0440\u0443\u043f\u043f\u0430 \u2014 \u044d\u0442\u043e \u0438\u043c\u044f, \u0437\u043d\u0430\u043a\u043e\u043c\u043e\u0435 \u043a\u0430\u0436\u0434\u043e\u043c\u0443, \u043a\u0442\u043e \u0445\u043e\u0447\u0435\u0442 \u0438\u043d\u0432\u0435\u0441\u0442\u0438\u0440\u043e\u0432\u0430\u0442\u044c \u0438 \u043f\u043e\u043b\u0443\u0447\u0438\u0442\u044c \u0432\u0438\u0434 \u043d\u0430 \u0436\u0438\u0442\u0435\u043b\u044c\u0441\u0442\u0432\u043e \u0438 \u0433\u0440\u0430\u0436\u0434\u0430\u043d\u0441\u0442\u0432\u043e \u0432 \u0422\u0443\u0440\u0446\u0438\u0438.<\/p><p>\u015eirket, T\u00fcrk h\u00fck\u00fcmetinden yasal bir lisansa ve tescile sahiptir. Grubun on alt\u0131 y\u0131ll\u0131k ba\u015far\u0131l\u0131 deneyimi ve y\u00fczden fazla prestijli konut ve ticari projenin temsil edilmesinin yan\u0131 s\u0131ra yarg\u0131dan ayr\u0131lan bir avukat ekibi sizi do\u011fru se\u00e7im konusunda ikna edecektir.<\/p><p>\u041f\u0440\u043e\u0446\u0435\u043d\u0442 \u0432\u0430\u0448\u0435\u0433\u043e \u0443\u0434\u043e\u0432\u043b\u0435\u0442\u0432\u043e\u0440\u0435\u043d\u0438\u044f, \u043a\u043b\u0438\u0435\u043d\u0442\u043e\u0432 \u0438 \u0434\u0440\u0443\u0437\u0435\u0439 \u044f\u0432\u043b\u044f\u0435\u0442\u0441\u044f \u0434\u043b\u044f \u043d\u0430\u0441 \u043f\u0440\u0438\u043e\u0440\u0438\u0442\u0435\u0442\u043e\u043c.<\/p><p>\u041a\u0440\u043e\u043c\u0435 \u0442\u043e\u0433\u043e, \u0438\u0437-\u0437\u0430 \u0442\u0443\u0440\u0435\u0446\u043a\u043e\u0441\u0442\u0438 \u043a\u043e\u043c\u043f\u0430\u043d\u0438\u0438 \u0432\u0430\u043c \u043f\u0440\u0435\u0434\u043b\u0430\u0433\u0430\u0435\u0442\u0441\u044f \u0431\u043e\u043b\u0435\u0435 \u0432\u044b\u0441\u043e\u043a\u0430\u044f \u0441\u043a\u0438\u0434\u043a\u0430 \u043f\u043e \u0441\u0440\u0430\u0432\u043d\u0435\u043d\u0438\u044e \u0441 \u0434\u0440\u0443\u0433\u0438\u043c\u0438 \u043a\u043e\u043c\u043f\u0430\u043d\u0438\u044f\u043c\u0438.<\/p><p>\u041e\u0442\u0434\u0435\u043b\u044b \u043f\u0440\u043e\u0434\u0430\u0436 \u0435\u0441\u0442\u044c \u0432\u043e \u0432\u0441\u0435\u0445 \u0437\u0430\u0440\u0443\u0431\u0435\u0436\u043d\u044b\u0445 \u043e\u0442\u0434\u0435\u043b\u0435\u043d\u0438\u044f\u0445 King \u0425\u043e\u043b\u0434\u0438\u043d\u0433\u043e\u0432\u0430\u044f \u0433\u0440\u0443\u043f\u043f\u0430, \u0438 \u0441\u043e\u0438\u0441\u043a\u0430\u0442\u0435\u043b\u0438 \u0432\u0441\u0435\u0445 \u043d\u0430\u0446\u0438\u043e\u043d\u0430\u043b\u044c\u043d\u043e\u0441\u0442\u0435\u0439 \u043c\u043e\u0433\u0443\u0442 \u0432\u043e\u0441\u043f\u043e\u043b\u044c\u0437\u043e\u0432\u0430\u0442\u044c\u0441\u044f \u043d\u0430\u0448\u0438\u043c\u0438 \u0443\u0441\u043b\u0443\u0433\u0430\u043c\u0438.<\/p><p>\u041f\u043e \u0441\u043b\u043e\u0432\u0430\u043c \u0440\u0443\u043a\u043e\u0432\u043e\u0434\u0441\u0442\u0432\u0430 \u043a\u043e\u043c\u043f\u0430\u043d\u0438\u0438 King \u0433\u0440\u0443\u043f\u043f\u0430, \u0447\u0435\u0441\u0442\u043d\u043e\u0441\u0442\u044c \u0441 \u043a\u043b\u0438\u0435\u043d\u0442\u043e\u043c \u044f\u0432\u043b\u044f\u0435\u0442\u0441\u044f \u043f\u0440\u0438\u043e\u0440\u0438\u0442\u0435\u0442\u043e\u043c. \u041f\u043e\u044d\u0442\u043e\u043c\u0443 \u0441 \u043d\u0430\u043c\u0438 \u0432\u044b \u0441\u0434\u0435\u043b\u0430\u0435\u0442\u0435 \u043f\u0440\u0430\u0432\u0438\u043b\u044c\u043d\u044b\u0439 \u0432\u044b\u0431\u043e\u0440.<\/p><p>\u0421\u043b\u0435\u0434\u0443\u0435\u0442 \u043e\u0442\u043c\u0435\u0442\u0438\u0442\u044c, \u0447\u0442\u043e \u0443 \u043d\u0430\u0448\u0435\u0439 \u043a\u043e\u043c\u043f\u0430\u043d\u0438\u0438 \u0441\u0430\u043c\u044b\u0439 \u0432\u044b\u0441\u043e\u043a\u0438\u0439 \u043f\u0440\u043e\u0446\u0435\u043d\u0442 \u0433\u0440\u0430\u0436\u0434\u0430\u043d\u0441\u0442\u0432\u0430 \u0438 \u043f\u0440\u043e\u0434\u0430\u0436, \u0438 \u043e\u043d \u0431\u0443\u0434\u0435\u0442 \u043f\u0440\u0435\u0434\u0441\u0442\u0430\u0432\u043b\u0435\u043d \u0432\u0430\u043c \u043f\u0440\u0438 \u0441\u0434\u0430\u0447\u0435 \u0434\u043e\u043a\u0443\u043c\u0435\u043d\u0442\u043e\u0432 \u043a\u043b\u0438\u0435\u043d\u0442\u0430.<\/p><p>\u0412\u044b \u0442\u0430\u043a\u0436\u0435 \u043c\u043e\u0436\u0435\u0442\u0435 \u0441\u043f\u0440\u043e\u0441\u0438\u0442\u044c \u043d\u0430\u0448\u0438\u0445 \u043a\u043b\u0438\u0435\u043d\u0442\u043e\u0432 \u043e\u0431 \u0443\u0434\u043e\u0432\u043b\u0435\u0442\u0432\u043e\u0440\u0435\u043d\u043d\u043e\u0441\u0442\u0438 \u043d\u0430\u0448\u0438\u0445 \u043f\u0430\u0440\u0442\u043d\u0435\u0440\u043e\u0432.<\/p><p>King \u0425\u043e\u043b\u0434\u0438\u043d\u0433\u043e\u0432\u0430\u044f \u0433\u0440\u0443\u043f\u043f\u0430 \u0438\u043c\u0435\u0435\u0442 \u0434\u0432\u0430 \u0444\u0438\u043b\u0438\u0430\u043b\u0430 \u0432 \u0421\u0442\u0430\u043c\u0431\u0443\u043b\u0435, \u0422\u0443\u0440\u0446\u0438\u044f. \u0428\u0442\u0430\u0431-\u043a\u0432\u0430\u0440\u0442\u0438\u0440\u0430 \u0440\u0430\u0441\u043f\u043e\u043b\u043e\u0436\u0435\u043d\u0430 \u0432 \u0440\u0430\u0439\u043e\u043d\u0435 \u0421\u0430\u0440\u0438\u0440, \u0432 Skyland Tower \u0438 West Branch, \u0432 \u0430\u0434\u043c\u0438\u043d\u0438\u0441\u0442\u0440\u0430\u0442\u0438\u0432\u043d\u043e\u043c \u0446\u0435\u043d\u0442\u0440\u0435 \u0433\u043e\u0440\u043e\u0434\u0430, \u0441 \u0434\u0432\u0443\u043c\u044f \u043e\u0444\u0438\u0441\u0430\u043c\u0438 \u0440\u044f\u0434\u043e\u043c \u0441 \u043c\u0443\u043d\u0438\u0446\u0438\u043f\u0430\u043b\u044c\u043d\u044b\u043c \u0438 \u0437\u0435\u043c\u0435\u043b\u044c\u043d\u044b\u043c \u043a\u0430\u0434\u0430\u0441\u0442\u0440\u043e\u0432\u044b\u043c \u0443\u043f\u0440\u0430\u0432\u043b\u0435\u043d\u0438\u0435\u043c.<\/p><p>\u041e\u0441\u0442\u0430\u0432\u044c\u0442\u0435 \u0437\u0430\u044f\u0432\u043a\u0443 \u043d\u0430 \u0431\u0435\u0441\u043f\u043b\u0430\u0442\u043d\u0443\u044e \u043a\u043e\u043d\u0441\u0443\u043b\u044c\u0442\u0430\u0446\u0438\u044e<\/p>\t\t\t\t\t<\/div>\n\t\t\t\t\t\t<\/div>\n\t\t\t\t<\/div>\n\t\t\t\t\t\t<\/div>\n\t\t\t\t\t<\/div>\n\t\t<\/div>\n\t\t\t\t<div class=\"elementor-column elementor-col-50 elementor-top-column elementor-element elementor-element-20b7e4d\" data-id=\"20b7e4d\" data-element_type=\"column\">\n\t\t\t<div class=\"elementor-column-wrap elementor-element-populated\">\n\t\t\t\t\t\t\t<div class=\"elementor-widget-wrap\">\n\t\t\t\t\t\t<div class=\"elementor-element elementor-element-8da516d elementor-widget elementor-widget-image\" data-id=\"8da516d\" data-element_type=\"widget\" data-widget_type=\"image.default\">\n\t\t\t\t<div class=\"elementor-widget-container\">\n\t\t\t\t\t\t\t\t<div class=\"elementor-image\">\n\t\t\t\t\t\t\t\t\t\t\t\t<img width=\"672\" height=\"661\" src=\"https:\/\/thekingproperty.co\/ru\/wp-content\/uploads\/2022\/03\/IMG_7944.jpg\" class=\"attachment-large size-large\" alt=\"\" loading=\"lazy\" srcset=\"https:\/\/thekingproperty.co\/ru\/wp-content\/uploads\/2022\/03\/IMG_7944.jpg 672w, https:\/\/thekingproperty.co\/ru\/wp-content\/uploads\/2022\/03\/IMG_7944-300x295.jpg 300w, https:\/\/thekingproperty.co\/ru\/wp-content\/uploads\/2022\/03\/IMG_7944-148x146.jpg 148w, https:\/\/thekingproperty.co\/ru\/wp-content\/uploads\/2022\/03\/IMG_7944-50x50.jpg 50w, https:\/\/thekingproperty.co\/ru\/wp-content\/uploads\/2022\/03\/IMG_7944-76x75.jpg 76w, https:\/\/thekingproperty.co\/ru\/wp-content\/uploads\/2022\/03\/IMG_7944-85x85.jpg 85w, https:\/\/thekingproperty.co\/ru\/wp-content\/uploads\/2022\/03\/IMG_7944-80x80.jpg 80w\" sizes=\"(max-width: 672px) 100vw, 672px\" \/>\t\t\t\t\t\t\t\t\t\t\t\t\t\t<\/div>\n\t\t\t\t\t\t<\/div>\n\t\t\t\t<\/div>\n\t\t\t\t\t\t<\/div>\n\t\t\t\t\t<\/div>\n\t\t<\/div>\n\t\t\t\t\t\t\t\t<\/div>\n\t\t\t\t\t<\/div>\n\t\t<\/section>\n\t\t\t\t<section class=\"elementor-section elementor-top-section elementor-element elementor-element-4d33441 elementor-section-boxed elementor-section-height-default elementor-section-height-default\" data-id=\"4d33441\" data-element_type=\"section\">\n\t\t\t\t\t\t<div class=\"elementor-container elementor-column-gap-default\">\n\t\t\t\t\t\t\t<div class=\"elementor-row\">\n\t\t\t\t\t<div class=\"elementor-column elementor-col-50 elementor-top-column elementor-element elementor-element-c482ca0\" data-id=\"c482ca0\" data-element_type=\"column\">\n\t\t\t<div class=\"elementor-column-wrap elementor-element-populated\">\n\t\t\t\t\t\t\t<div class=\"elementor-widget-wrap\">\n\t\t\t\t\t\t<div class=\"elementor-element elementor-element-8cee945 elementor-align-justify elementor-widget elementor-widget-button\" data-id=\"8cee945\" data-element_type=\"widget\" data-widget_type=\"button.default\">\n\t\t\t\t<div class=\"elementor-widget-container\">\n\t\t\t\t\t<div class=\"elementor-button-wrapper\">\n\t\t\t<a href=\"\/ru\/consulting\/\" class=\"elementor-button-link elementor-button elementor-size-md\" role=\"button\">\n\t\t\t\t\t\t<span class=\"elementor-button-content-wrapper\">\n\t\t\t\t\t\t<span class=\"elementor-button-text\">\u0417\u0430\u043f\u0440\u043e\u0441\u0438\u0442\u044c \u0431\u0435\u0441\u043f\u043b\u0430\u0442\u043d\u0443\u044e \u043a\u043e\u043d\u0441\u0443\u043b\u044c\u0442\u0430\u0446\u0438\u044e<\/span>\n\t\t<\/span>\n\t\t\t\t\t<\/a>\n\t\t<\/div>\n\t\t\t\t<\/div>\n\t\t\t\t<\/div>\n\t\t\t\t\t\t<\/div>\n\t\t\t\t\t<\/div>\n\t\t<\/div>\n\t\t\t\t<div class=\"elementor-column elementor-col-50 elementor-top-column elementor-element elementor-element-90eb6a3\" data-id=\"90eb6a3\" data-element_type=\"column\">\n\t\t\t<div class=\"elementor-column-wrap elementor-element-populated\">\n\t\t\t\t\t\t\t<div class=\"elementor-widget-wrap\">\n\t\t\t\t\t\t<div class=\"elementor-element elementor-element-7eabcc4 elementor-align-justify elementor-widget elementor-widget-button\" data-id=\"7eabcc4\" data-element_type=\"widget\" data-widget_type=\"button.default\">\n\t\t\t\t<div class=\"elementor-widget-container\">\n\t\t\t\t\t<div class=\"elementor-button-wrapper\">\n\t\t\t<a href=\"\/ru\/contact-us\/\" class=\"elementor-button-link elementor-button elementor-size-md\" role=\"button\">\n\t\t\t\t\t\t<span class=\"elementor-button-content-wrapper\">\n\t\t\t\t\t\t<span class=\"elementor-button-text\">\u041a\u043e\u043c\u043c\u0443\u043d\u0438\u043a\u0430\u0446\u0438\u044f<\/span>\n\t\t<\/span>\n\t\t\t\t\t<\/a>\n\t\t<\/div>\n\t\t\t\t<\/div>\n\t\t\t\t<\/div>\n\t\t\t\t\t\t<\/div>\n\t\t\t\t\t<\/div>\n\t\t<\/div>\n\t\t\t\t\t\t\t\t<\/div>\n\t\t\t\t\t<\/div>\n\t\t<\/section>\n\t\t\t\t\t\t<\/div>\n\t\t\t\t\t\t<\/div>\n\t\t\t\t\t<\/div>\n\t\t","protected":false},"excerpt":{"rendered":"<p>\u043d\u0430\u0441\u0447\u0435\u0442 \u043d\u0430\u0441 King \u0425\u043e\u043b\u0434\u0438\u043d\u0433\u043e\u0432\u0430\u044f \u0438 \u0438\u043d\u0432\u0435\u0441\u0442\u0438\u0446\u0438\u043e\u043d\u043d\u0430\u044f \u0433\u0440\u0443\u043f\u043f\u0430 \u2014 \u044d\u0442\u043e \u0438\u043c\u044f, \u0437\u043d\u0430\u043a\u043e\u043c\u043e\u0435 \u043a\u0430\u0436\u0434\u043e\u043c\u0443, \u043a\u0442\u043e \u0445\u043e\u0447\u0435\u0442 \u0438\u043d\u0432\u0435\u0441\u0442\u0438\u0440\u043e\u0432\u0430\u0442\u044c \u0438 \u043f\u043e\u043b\u0443\u0447\u0438\u0442\u044c \u0432\u0438\u0434 \u043d\u0430 \u0436\u0438\u0442\u0435\u043b\u044c\u0441\u0442\u0432\u043e \u0438 \u0433\u0440\u0430\u0436\u0434\u0430\u043d\u0441\u0442\u0432\u043e \u0432 \u0422\u0443\u0440\u0446\u0438\u0438. \u015eirket, T\u00fcrk<span class=\"excerpt-hellip\"> [\u2026]<\/span><\/p>\n","protected":false},"author":2,"featured_media":0,"parent":0,"menu_order":0,"comment_status":"closed","ping_status":"closed","template":"","meta":[],"_links":{"self":[{"href":"https:\/\/thekingproperty.co\/ru\/wp-json\/wp\/v2\/pages\/378"}],"collection":[{"href":"https:\/\/thekingproperty.co\/ru\/wp-json\/wp\/v2\/pages"}],"about":[{"href":"https:\/\/thekingproperty.co\/ru\/wp-json\/wp\/v2\/types\/page"}],"author":[{"embeddable":true,"href":"https:\/\/thekingproperty.co\/ru\/wp-json\/wp\/v2\/users\/2"}],"replies":[{"embeddable":true,"href":"https:\/\/thekingproperty.co\/ru\/wp-json\/wp\/v2\/comments?post=378"}],"version-history":[{"count":17,"href":"https:\/\/thekingproperty.co\/ru\/wp-json\/wp\/v2\/pages\/378\/revisions"}],"predecessor-version":[{"id":1484,"href":"https:\/\/thekingproperty.co\/ru\/wp-json\/wp\/v2\/pages\/378\/revisions\/1484"}],"wp:attachment":[{"href":"https:\/\/thekingproperty.co\/ru\/wp-json\/wp\/v2\/media?parent=378"}],"curies":[{"name":"wp","href":"https:\/\/api.w.org\/{rel}","templated":true}]}}